{"id":829,"date":"2019-08-26T11:01:53","date_gmt":"2019-08-26T00:01:53","guid":{"rendered":"http:\/\/escapelab.ch\/?page_id=829"},"modified":"2019-08-27T17:47:29","modified_gmt":"2019-08-27T06:47:29","slug":"pre-reservations","status":"publish","type":"page","link":"https:\/\/escapelab.ch\/en\/pre-booking\/","title":{"rendered":"Pre-booking"},"content":{"rendered":"<div id=\"pl-829\"  class=\"panel-layout\" ><div id=\"pg-829-0\"  class=\"panel-grid panel-has-style\" ><div class=\"siteorigin-panels-stretch panel-row-style panel-row-style-for-829-0\" data-stretch-type=\"full\" ><div id=\"pgc-829-0-0\"  class=\"panel-grid-cell\" ><div id=\"panel-829-0-0-0\" class=\"so-panel widget widget_sow-headline panel-first-child panel-last-child\" data-index=\"0\" ><div class=\"panel-widget-style panel-widget-style-for-829-0-0-0\" ><div\n\t\t\t\n\t\t\tclass=\"so-widget-sow-headline so-widget-sow-headline-default-14da25d9eb26-829 so-widget-fittext-wrapper\"\n\t\t\t data-fit-text-compressor=\"0.85\"\n\t\t><div class=\"sow-headline-container\">\n\t\t\t\t\t\t\t<h1 class=\"sow-headline\">\n\t\t\t\t\t\tPre-booking request\t\t\t\t\t\t<\/h1>\n\t\t\t\t\t\t\t\t\t\t\t<div class=\"decoration\">\n\t\t\t\t\t\t<div class=\"decoration-inside\"><\/div>\n\t\t\t\t\t<\/div>\n\t\t\t\t\t<\/div>\n<\/div><\/div><\/div><\/div><\/div><\/div><div id=\"pg-829-1\"  class=\"panel-grid panel-has-style\" ><div class=\"panel-row-style panel-row-style-for-829-1\" ><div id=\"pgc-829-1-0\"  class=\"panel-grid-cell\" ><div id=\"panel-829-1-0-0\" class=\"so-panel widget widget_sow-editor panel-first-child\" data-index=\"1\" ><div\n\t\t\t\n\t\t\tclass=\"so-widget-sow-editor so-widget-sow-editor-base\"\n\t\t\t\n\t\t>\n<div class=\"siteorigin-widget-tinymce textwidget\">\n\t<p style=\"text-align: center;\">\n<div class=\"wpcf7 no-js\" id=\"wpcf7-f830-o1\" lang=\"fr-FR\" dir=\"ltr\" data-wpcf7-id=\"830\">\n<div class=\"screen-reader-response\">\n<p role=\"status\" aria-live=\"polite\" aria-atomic=\"true\">\n<ul><\/ul>\n<\/div>\n<form action=\"\/en\/wp-json\/wp\/v2\/pages\/829#wpcf7-f830-o1\" method=\"post\" class=\"wpcf7-form init\" aria-label=\"Contact form\" novalidate=\"novalidate\" data-status=\"init\" data-trp-original-action=\"\/en\/wp-json\/wp\/v2\/pages\/829#wpcf7-f830-o1\">\n<fieldset class=\"hidden-fields-container\"><input type=\"hidden\" name=\"_wpcf7\" value=\"830\" \/><input type=\"hidden\" name=\"_wpcf7_version\" value=\"6.1.1\" \/><input type=\"hidden\" name=\"_wpcf7_locale\" value=\"fr_FR\" \/><input type=\"hidden\" name=\"_wpcf7_unit_tag\" value=\"wpcf7-f830-o1\" \/><input type=\"hidden\" name=\"_wpcf7_container_post\" value=\"0\" \/><input type=\"hidden\" name=\"_wpcf7_posted_data_hash\" value=\"\" \/><input type=\"hidden\" name=\"_wpcf7cf_hidden_group_fields\" value=\"[]\" \/><input type=\"hidden\" name=\"_wpcf7cf_hidden_groups\" value=\"[]\" \/><input type=\"hidden\" name=\"_wpcf7cf_visible_groups\" value=\"[]\" \/><input type=\"hidden\" name=\"_wpcf7cf_repeaters\" value=\"[]\" \/><input type=\"hidden\" name=\"_wpcf7cf_steps\" value=\"{}\" \/><input type=\"hidden\" name=\"_wpcf7cf_options\" value=\"{&quot;form_id&quot;:830,&quot;conditions&quot;:[],&quot;settings&quot;:{&quot;animation&quot;:&quot;yes&quot;,&quot;animation_intime&quot;:200,&quot;animation_outtime&quot;:200,&quot;conditions_ui&quot;:&quot;normal&quot;,&quot;notice_dismissed&quot;:false}}\" \/><input type=\"hidden\" name=\"_wpcf7_recaptcha_response\" value=\"\" \/><br \/>\n<\/fieldset>\n<style>.sem-label{margin-right:7px; font-weight:bold;float:left;} .small{text-decoration:underline !important;font-size:12px;color:#DBAF00 !important;}\n<\/style>\n<div class=\"sem-label\">\n<p>number of participants: <span class=\"wpcf7-form-control-wrap\" data-name=\"PARTICIPANTS\"><input size=\"6\" maxlength=\"400\" class=\"wpcf7-form-control wpcf7-text\" aria-invalid=\"false\" placeholder=\"\" value=\"\" type=\"text\" name=\"PARTICIPANTS\" \/><\/span> (specify the max)\n\t<\/p>\n<\/div>\n<div class=\"sem-label\">\n<p>Date : <span class=\"wpcf7-form-control-wrap\" data-name=\"DATE\"><input size=\"10\" maxlength=\"400\" class=\"wpcf7-form-control wpcf7-text round\" aria-invalid=\"false\" placeholder=\"dd\/mm\" value=\"\" type=\"text\" name=\"DATE\" \/><\/span>\n\t<\/p>\n<\/div>\n<div class=\"sem-label\">\n<p>arriving hour <span class=\"wpcf7-form-control-wrap\" data-name=\"CRENEAU\"><select class=\"wpcf7-form-control wpcf7-select round\" aria-invalid=\"false\" name=\"CRENEAU\"><option value=\"\"><\/option><option value=\"8H30\">8H30<\/option><option value=\"9H00\">9H00<\/option><option value=\"9H30\">9H30<\/option><option value=\"10H30\">10H30<\/option><option value=\"11H30\">11H30<\/option><option value=\"12H30\">12H30<\/option><option value=\"13H00\">13H00<\/option><option value=\"14H30\">14H30<\/option><option value=\"15H00\">15H00<\/option><option value=\"16H30\">16H30<\/option><option value=\"17H30\">17H30<\/option><option value=\"18H30\">18H30<\/option><option value=\"19H00\">19H00<\/option><option value=\"19H30\">19H30<\/option><option value=\"20H30\">20H30<\/option><option value=\"21H30\">21H30<\/option><option value=\"22H30\">22H30<\/option><option value=\"autre\">other<\/option><\/select><\/span>\n\t<\/p>\n<\/div>\n<div class=\"sem-label\">\n<p>Duration: <span class=\"wpcf7-form-control-wrap\" data-name=\"DUREE\"><select class=\"wpcf7-form-control wpcf7-select round\" aria-invalid=\"false\" name=\"DUREE\"><option value=\"\"><\/option><option value=\"1H00 max\">1H00 max<\/option><option value=\"2H00 max\">2H00 max<\/option><option value=\"3H00 max\">3H00 max<\/option><option value=\"4H00 max\">4H00 max<\/option><option value=\"Demi-journ\u00e9e\">Half day<\/option><option value=\"Journ\u00e9e\">Day<\/option><option value=\"2 jours\">2 days<\/option><\/select><\/span>\n\t<\/p>\n<\/div>\n<p><span class=\"wpcf7-form-control-wrap\" data-name=\"date-flex\"><span class=\"wpcf7-form-control wpcf7-checkbox\"><span class=\"wpcf7-list-item first last\"><input type=\"checkbox\" name=\"date-flex[]\" value=\"Je suis flexible sur la date et l&#039;heure (pr\u00e9ciser en commentaire)\" \/><span class=\"wpcf7-list-item-label\">I am availble to be flexible on the date and hour (specify in the comments)<\/span><\/span><\/span><\/span>\n<\/p>\n<div style=\"clear:both\">\n<\/div>\n<div class=\"\">\n<p><b>Escape games &amp; team games: 3 to 60 players simultaneously at present * :<\/b>\n\t<\/p>\n<\/div>\n<p><span class=\"wpcf7-form-control-wrap\" data-name=\"GAMES\"><span class=\"wpcf7-form-control wpcf7-checkbox\"><span class=\"wpcf7-list-item first\"><label><input type=\"checkbox\" name=\"GAMES[]\" value=\"Jeux selon disponibilit\u00e9s\" \/><span class=\"wpcf7-list-item-label\">Games according to availability<\/span><\/label><\/span><span class=\"wpcf7-list-item\"><label><input type=\"checkbox\" name=\"GAMES[]\" value=\"Ascenders VR 4D\" \/><span class=\"wpcf7-list-item-label\">Ascenders VR 4D<\/span><\/label><\/span><span class=\"wpcf7-list-item\"><label><input type=\"checkbox\" name=\"GAMES[]\" value=\"Eclipse VR 4D (\ud83d\udc652 \u00e0 4)\" \/><span class=\"wpcf7-list-item-label\">Eclipse VR 4D (\ud83d\udc652 -4 max)<\/span><\/label><\/span><span class=\"wpcf7-list-item\"><label><input type=\"checkbox\" name=\"GAMES[]\" value=\"Le r\u00e9veil de la Momie (\ud83d\udc652 \u00e0 7)\" \/><span class=\"wpcf7-list-item-label\">The awakening of the mummy (\ud83d\udc652-7 max)<\/span><\/label><\/span><span class=\"wpcf7-list-item\"><label><input type=\"checkbox\" name=\"GAMES[]\" value=\"1987... (\ud83d\udc653 \u00e0 16\u00b2)\" \/><span class=\"wpcf7-list-item-label\">1987 (\ud83d\udc653-16\u00b2 max)<\/span><\/label><\/span><span class=\"wpcf7-list-item\"><label><input type=\"checkbox\" name=\"GAMES[]\" value=\"Maya jungle (\ud83d\udc652 \u00e0 8)\" \/><span class=\"wpcf7-list-item-label\">Maya jungle (\ud83d\udc652-8 max)<\/span><\/label><\/span><span class=\"wpcf7-list-item\"><label><input type=\"checkbox\" name=\"GAMES[]\" value=\"Hackers (\ud83d\udc654 \u00e0 20\u00b2)\" \/><span class=\"wpcf7-list-item-label\">Hackers (\ud83d\udc654-20\u00b2)<\/span><\/label><\/span><span class=\"wpcf7-list-item\"><label><input type=\"checkbox\" name=\"GAMES[]\" value=\"Op\u00e9ration Titan II (\ud83d\udc653 \u00e0 7)\" \/><span class=\"wpcf7-list-item-label\">Operation Titan II (\ud83d\udc653-7max)<\/span><\/label><\/span><span class=\"wpcf7-list-item last\"><label><input type=\"checkbox\" name=\"GAMES[]\" value=\"Autre escape si disponible\" \/><span class=\"wpcf7-list-item-label\">Other escape room if available<\/span><\/label><\/span><\/span><\/span> &nbsp;&nbsp;<a href=\"https:\/\/escapelab.ch\/en\/\" target=\"_blank\" title=\"Escape rooms Geneva Escape LAB\"><b>see other escape rooms<\/b><\/a>\n<\/p>\n<div class=\"sem-label\">\n<p>Privatisation &amp; activities* :\n\t<\/p>\n<\/div>\n<p><span class=\"wpcf7-form-control-wrap\" data-name=\"OPTION-BIZ\"><span class=\"wpcf7-form-control wpcf7-checkbox\"><span class=\"wpcf7-list-item first\"><label><input type=\"checkbox\" name=\"OPTION-BIZ[]\" value=\"Salle 55B (r\u00e9union journ\u00e9e)\" \/><span class=\"wpcf7-list-item-label\">Room 55B daily meetings<\/span><\/label><\/span><span class=\"wpcf7-list-item\"><label><input type=\"checkbox\" name=\"OPTION-BIZ[]\" value=\"Salle 55B (r\u00e9ception soir\u00e9e)\" \/><span class=\"wpcf7-list-item-label\">Room 55B (evening meeting)<\/span><\/label><\/span><span class=\"wpcf7-list-item\"><label><input type=\"checkbox\" name=\"OPTION-BIZ[]\" value=\"Privatisation compl\u00e8te\" \/><span class=\"wpcf7-list-item-label\">Book the whole room<\/span><\/label><\/span><span class=\"wpcf7-list-item\"><label><input type=\"checkbox\" name=\"OPTION-BIZ[]\" value=\"Activit\u00e9s compl\u00e9mentaires (atelier, conf\u00e9rence, animation)\" \/><span class=\"wpcf7-list-item-label\">Extra activities (ateliers, meetings, entertainment)<\/span><\/label><\/span><span class=\"wpcf7-list-item\"><label><input type=\"checkbox\" name=\"OPTION-BIZ[]\" value=\"Anniversaire enfant\" \/><span class=\"wpcf7-list-item-label\">child's birthday<\/span><\/label><\/span><span class=\"wpcf7-list-item last\"><label><input type=\"checkbox\" name=\"OPTION-BIZ[]\" value=\"Anniversaire adulte\" \/><span class=\"wpcf7-list-item-label\">adult's birthday<\/span><\/label><\/span><\/span><\/span>\n<\/p>\n<div class=\"sem-label\">\n<p>Catering option:\n\t<\/p>\n<\/div>\n<p><span class=\"wpcf7-form-control-wrap\" data-name=\"OPTION-TRAITEUR\"><span class=\"wpcf7-form-control wpcf7-checkbox\"><span class=\"wpcf7-list-item first\"><label><input type=\"checkbox\" name=\"OPTION-TRAITEUR[]\" value=\"Petit d\u00e9jeuner\" \/><span class=\"wpcf7-list-item-label\">Breakfast<\/span><\/label><\/span><span class=\"wpcf7-list-item\"><label><input type=\"checkbox\" name=\"OPTION-TRAITEUR[]\" value=\"Petit d\u00e9jeuner Premium\" \/><span class=\"wpcf7-list-item-label\">premium breakfast<\/span><\/label><\/span><span class=\"wpcf7-list-item\"><label><input type=\"checkbox\" name=\"OPTION-TRAITEUR[]\" value=\"Boissons sans alcool\" \/><span class=\"wpcf7-list-item-label\">non alchoolic beverages<\/span><\/label><\/span><span class=\"wpcf7-list-item\"><label><input type=\"checkbox\" name=\"OPTION-TRAITEUR[]\" value=\"D\u00e9jeuner buffet Traiteur\" \/><span class=\"wpcf7-list-item-label\">lunch buffet catering<\/span><\/label><\/span><span class=\"wpcf7-list-item\"><label><input type=\"checkbox\" name=\"OPTION-TRAITEUR[]\" value=\"Go\u00fbter sucr\u00e9\" \/><span class=\"wpcf7-list-item-label\">Sweet break<\/span><\/label><\/span><span class=\"wpcf7-list-item last\"><label><input type=\"checkbox\" name=\"OPTION-TRAITEUR[]\" value=\"Cocktail\" \/><span class=\"wpcf7-list-item-label\">Cocktail<\/span><\/label><\/span><\/span><\/span><br \/>\n<span class=\"dashicons dashicons-info\" style=\"color:#DBAF00\"><\/span><a href=\"https:\/\/escapelab.ch\/en\/team-building-seminar\/\" target=\"_blank\" class=\"small\" title=\"Team building escape game\">see the privatising spaces details<\/a>\n<\/p>\n<div class=\"sem-label\">\n<p>Your first &amp; last name<br \/>\n<span class=\"wpcf7-form-control-wrap\" data-name=\"your-name\"><input size=\"25\" maxlength=\"400\" class=\"wpcf7-form-control wpcf7-text wpcf7-validates-as-required\" aria-required=\"true\" aria-invalid=\"false\" value=\"\" type=\"text\" name=\"your-name\" \/><\/span>\n\t<\/p>\n<\/div>\n<div class=\"sem-label\">\n<p>your email<br \/>\n<span class=\"wpcf7-form-control-wrap\" data-name=\"your-email\"><input size=\"30\" maxlength=\"400\" class=\"wpcf7-form-control wpcf7-email wpcf7-validates-as-required wpcf7-text wpcf7-validates-as-email\" aria-required=\"true\" aria-invalid=\"false\" value=\"\" type=\"email\" name=\"your-email\" \/><\/span>\n\t<\/p>\n<\/div>\n<div style=\"clear:both\">\n<\/div>\n<div class=\"sem-label\">\n<p>Your telephone number<br \/>\n<span class=\"wpcf7-form-control-wrap\" data-name=\"your-phone-indicatif\"><select class=\"wpcf7-form-control wpcf7-select\" aria-invalid=\"false\" name=\"your-phone-indicatif\"><option value=\"+41 (Suisse)\">+41 (Switzerland)<\/option><option value=\"+33 (France)\">+33 (France)<\/option><option value=\"autre &gt;\">other &gt;<\/option><\/select><\/span>\n\t<\/p>\n<\/div>\n<div class=\"sem-label\">\n<p><span class=\"wpcf7-form-control-wrap\" data-name=\"your-phone\"><input size=\"25\" maxlength=\"400\" class=\"wpcf7-form-control wpcf7-text wpcf7-validates-as-required\" aria-required=\"true\" aria-invalid=\"false\" value=\"\" type=\"text\" name=\"your-phone\" \/><\/span>\n\t<\/p>\n<\/div>\n<div style=\"clear:both\">\n<\/div>\n<div class=\"sem-label\">\n<p>Your company<br \/>\n<span class=\"wpcf7-form-control-wrap\" data-name=\"your-company\"><input size=\"25\" maxlength=\"400\" class=\"wpcf7-form-control wpcf7-text\" aria-invalid=\"false\" value=\"\" type=\"text\" name=\"your-company\" \/><\/span>\n\t<\/p>\n<\/div>\n<div class=\"sem-label\">\n<p>Billing address<br \/>\n<span class=\"wpcf7-form-control-wrap\" data-name=\"your-company-adress\"><input size=\"35\" maxlength=\"400\" class=\"wpcf7-form-control wpcf7-text\" aria-invalid=\"false\" placeholder=\"ex : 55 bis rue de Lyon\" value=\"\" type=\"text\" name=\"your-company-adress\" \/><\/span><span class=\"wpcf7-form-control-wrap\" data-name=\"your-company-cp\"><input size=\"8\" maxlength=\"400\" class=\"wpcf7-form-control wpcf7-text\" aria-invalid=\"false\" placeholder=\"ex: 1203\" value=\"\" type=\"text\" name=\"your-company-cp\" \/><\/span><span class=\"wpcf7-form-control-wrap\" data-name=\"your-company-ville\"><input size=\"15\" maxlength=\"400\" class=\"wpcf7-form-control wpcf7-text\" aria-invalid=\"false\" placeholder=\"e.g. Geneva\" value=\"\" type=\"text\" name=\"your-company-ville\" \/><\/span>\n\t<\/p>\n<\/div>\n<div style=\"clear:both\">\n<\/div>\n<div>\n<p>Additional information\n\t<\/p>\n<p><span class=\"wpcf7-form-control-wrap\" data-name=\"your-message\"><textarea cols=\"40\" rows=\"3\" maxlength=\"2000\" class=\"wpcf7-form-control wpcf7-textarea\" aria-invalid=\"false\" placeholder=\"e.g. context, organisation of the day, constraints, English-speaking participants, disabled access, budget limit, deadline for quotation, if your date is flexible, specify other dates and times...\" name=\"your-message\"><\/textarea><\/span>\n\t<\/p>\n<p><input class=\"wpcf7-form-control wpcf7-hidden\" value=\"\" type=\"hidden\" name=\"title\" \/><\/p>\n<p><span class=\"wpcf7-form-control-wrap\" data-name=\"mailjet-opt-in\"><span class=\"wpcf7-form-control wpcf7-checkbox\"><span class=\"wpcf7-list-item first last\"><input type=\"checkbox\" name=\"mailjet-opt-in[]\" value=\"Recevoir une proposition par email ou telephone\" \/><span class=\"wpcf7-list-item-label\">get your proposition via email or telephone<\/span><\/span><\/span><\/span>\n\t<\/p>\n<p style=\"text-align:center\"><input class=\"wpcf7-form-control wpcf7-submit has-spinner greenbut\" type=\"submit\" value=\"Send my quotation request\" \/>\n\t<\/p>\n<p>\u00b2 escape game with 2 identical rooms, sub-groups will be formed. Briefing and debriefing with all the players.\n\t<\/p>\n<\/div>\n<div class=\"wpcf7-response-output\" aria-hidden=\"true\"><\/div>\n<input type=\"hidden\" name=\"trp-form-language\" value=\"en\"\/><\/form>\n<\/div>\n<\/div>\n<\/div><\/div><div id=\"panel-829-1-0-1\" class=\"so-panel widget widget_sow-editor panel-last-child\" data-index=\"2\" ><div\n\t\t\t\n\t\t\tclass=\"so-widget-sow-editor so-widget-sow-editor-base\"\n\t\t\t\n\t\t>\n<div class=\"siteorigin-widget-tinymce textwidget\">\n\t<p>*We are not yet able to guarantee when the games will be available.<\/p>\n<\/div>\n<\/div><\/div><\/div><\/div><\/div><\/div>","protected":false},"excerpt":{"rendered":"<p>*We are not yet able to guarantee when the games will be available.<\/p>","protected":false},"author":4,"featured_media":0,"parent":0,"menu_order":0,"comment_status":"closed","ping_status":"closed","template":"templates\/template-full-notitle.php","meta":{"_acf_changed":false,"om_disable_all_campaigns":false,"_monsterinsights_skip_tracking":false,"_monsterinsights_sitenote_active":false,"_monsterinsights_sitenote_note":"","_monsterinsights_sitenote_category":0,"_uf_show_specific_survey":0,"_uf_disable_surveys":false,"footnotes":""},"class_list":["post-829","page","type-page","status-publish","hentry","post"],"acf":[],"aioseo_notices":[],"_links":{"self":[{"href":"https:\/\/escapelab.ch\/en\/wp-json\/wp\/v2\/pages\/829","targetHints":{"allow":["GET"]}}],"collection":[{"href":"https:\/\/escapelab.ch\/en\/wp-json\/wp\/v2\/pages"}],"about":[{"href":"https:\/\/escapelab.ch\/en\/wp-json\/wp\/v2\/types\/page"}],"author":[{"embeddable":true,"href":"https:\/\/escapelab.ch\/en\/wp-json\/wp\/v2\/users\/4"}],"replies":[{"embeddable":true,"href":"https:\/\/escapelab.ch\/en\/wp-json\/wp\/v2\/comments?post=829"}],"version-history":[{"count":0,"href":"https:\/\/escapelab.ch\/en\/wp-json\/wp\/v2\/pages\/829\/revisions"}],"wp:attachment":[{"href":"https:\/\/escapelab.ch\/en\/wp-json\/wp\/v2\/media?parent=829"}],"curies":[{"name":"wp","href":"https:\/\/api.w.org\/{rel}","templated":true}]}}