{"id":3859,"date":"2019-08-26T10:57:45","date_gmt":"2019-08-25T23:57:45","guid":{"rendered":"http:\/\/escapelab.ch\/?page_id=3859"},"modified":"2019-10-25T00:52:59","modified_gmt":"2019-10-24T13:52:59","slug":"option-sur-devis","status":"publish","type":"page","link":"https:\/\/escapelab.ch\/en\/option-survis\/","title":{"rendered":"Escape LAB Geneva &gt; Option on quotation"},"content":{"rendered":"<div id=\"pl-3859\"  class=\"panel-layout\" ><div id=\"pg-3859-0\"  class=\"panel-grid panel-has-style\" ><div class=\"siteorigin-panels-stretch panel-row-style panel-row-style-for-3859-0\" data-stretch-type=\"full-stretched\" ><div id=\"pgc-3859-0-0\"  class=\"panel-grid-cell\" ><div id=\"panel-3859-0-0-0\" class=\"so-panel widget widget_sow-image panel-first-child\" data-index=\"0\" ><div\n\t\t\t\n\t\t\tclass=\"so-widget-sow-image so-widget-sow-image-default-c67d20f9f743-3859\"\n\t\t\t\n\t\t>\n<div class=\"sow-image-container\">\n\t\t\t<a href=\"https:\/\/escapelab.ch\/wp-content\/uploads\/2019\/10\/Escape-lab-geneve-escapegame-seminaires-jeux-2.pdf\"\n\t\t\ttarget=\"_blank\" rel=\"noopener noreferrer\" \t\t>\n\t\t\t<img \n\tsrc=\"https:\/\/escapelab.ch\/wp-content\/uploads\/2019\/10\/thumb-pdf.png\" width=\"680\" height=\"680\" srcset=\"https:\/\/escapelab.ch\/wp-content\/uploads\/2019\/10\/thumb-pdf.png 680w, https:\/\/escapelab.ch\/wp-content\/uploads\/2019\/10\/thumb-pdf-150x150.png 150w, https:\/\/escapelab.ch\/wp-content\/uploads\/2019\/10\/thumb-pdf-300x300.png 300w\" sizes=\"(max-width: 680px) 100vw, 680px\" alt=\"\" \t\tclass=\"so-widget-image\"\/>\n\t\t\t<\/a><\/div>\n\n<\/div><\/div><div id=\"panel-3859-0-0-1\" class=\"so-panel widget widget_sow-editor panel-last-child\" data-index=\"1\" ><div\n\t\t\t\n\t\t\tclass=\"so-widget-sow-editor so-widget-sow-editor-base\"\n\t\t\t\n\t\t>\n<div class=\"siteorigin-widget-tinymce textwidget\">\n\t<p style=\"text-align: center;\"><a href=\"https:\/\/escapelab.ch\/wp-content\/uploads\/2019\/10\/Escape-lab-geneve-escapegame-seminaires-jeux-2.pdf\" target=\"_blank\" rel=\"noopener\">download the flyer<\/a><\/p>\n<\/div>\n<\/div><\/div><\/div><div id=\"pgc-3859-0-1\"  class=\"panel-grid-cell\" ><div id=\"panel-3859-0-1-0\" class=\"so-panel widget widget_sow-editor panel-first-child panel-last-child\" data-index=\"2\" ><div\n\t\t\t\n\t\t\tclass=\"so-widget-sow-editor so-widget-sow-editor-base\"\n\t\t\t\n\t\t>\n<div class=\"siteorigin-widget-tinymce textwidget\">\n\t<h3>Please use this form to validate the quote, request modifications or decline the offer.<\/h3>\n<p>We would be delighted to welcome you at <a href=\"https:\/\/escapelab.ch\/en\/\">Escape LAB Geneva<\/a> and we hope that your quotation meets with your approval.<\/p>\n<p>Thank you for your feedback <strong>as quickly as possible.<\/strong><\/p>\n<p>If the date of your event is in 10 days or more, you can ask for an option for a few days.<\/p>\n<p>If you do not reply within this period, we will no longer be able to guarantee the feasibility of the proposed programme.<\/p>\n<\/div>\n<\/div><\/div><\/div><div id=\"pgc-3859-0-2\"  class=\"panel-grid-cell\" ><div id=\"panel-3859-0-2-0\" class=\"so-panel widget widget_text panel-first-child panel-last-child\" data-index=\"3\" >\t\t\t<div class=\"textwidget\"><div class=\"wpcf7 no-js\" id=\"wpcf7-f3860-o1\" lang=\"fr-FR\" dir=\"ltr\" data-wpcf7-id=\"3860\">\n<div class=\"screen-reader-response\">\n<p role=\"status\" aria-live=\"polite\" aria-atomic=\"true\">\n<ul><\/ul>\n<\/div>\n<form action=\"\/en\/wp-json\/wp\/v2\/pages\/3859#wpcf7-f3860-o1\" method=\"post\" class=\"wpcf7-form init\" aria-label=\"Contact form\" enctype=\"multipart\/form-data\" novalidate=\"novalidate\" data-status=\"init\" data-trp-original-action=\"\/en\/wp-json\/wp\/v2\/pages\/3859#wpcf7-f3860-o1\">\n<fieldset class=\"hidden-fields-container\"><input type=\"hidden\" name=\"_wpcf7\" value=\"3860\" \/><input type=\"hidden\" name=\"_wpcf7_version\" value=\"6.1.1\" \/><input type=\"hidden\" name=\"_wpcf7_locale\" value=\"fr_FR\" \/><input type=\"hidden\" name=\"_wpcf7_unit_tag\" value=\"wpcf7-f3860-o1\" \/><input type=\"hidden\" name=\"_wpcf7_container_post\" value=\"0\" \/><input type=\"hidden\" name=\"_wpcf7_posted_data_hash\" value=\"\" \/><input type=\"hidden\" name=\"_wpcf7cf_hidden_group_fields\" value=\"[]\" \/><input type=\"hidden\" name=\"_wpcf7cf_hidden_groups\" value=\"[]\" \/><input type=\"hidden\" name=\"_wpcf7cf_visible_groups\" value=\"[]\" \/><input type=\"hidden\" name=\"_wpcf7cf_repeaters\" value=\"[]\" \/><input type=\"hidden\" name=\"_wpcf7cf_steps\" value=\"{}\" \/><input type=\"hidden\" name=\"_wpcf7cf_options\" value=\"{&quot;form_id&quot;:3860,&quot;conditions&quot;:[{&quot;then_field&quot;:&quot;pj&quot;,&quot;and_rules&quot;:[{&quot;if_field&quot;:&quot;options&quot;,&quot;operator&quot;:&quot;equals&quot;,&quot;if_value&quot;:&quot;BON POUR ACCORD*&quot;}]},{&quot;then_field&quot;:&quot;paiement&quot;,&quot;and_rules&quot;:[{&quot;if_field&quot;:&quot;options&quot;,&quot;operator&quot;:&quot;equals&quot;,&quot;if_value&quot;:&quot;BON POUR ACCORD*&quot;}]}],&quot;settings&quot;:{&quot;animation&quot;:&quot;yes&quot;,&quot;animation_intime&quot;:200,&quot;animation_outtime&quot;:200,&quot;conditions_ui&quot;:&quot;normal&quot;,&quot;notice_dismissed&quot;:false}}\" \/><input type=\"hidden\" name=\"_wpcf7_recaptcha_response\" value=\"\" \/><br \/>\n<\/fieldset>\n<h1>\n<\/h1>\n<p><span class=\"wpcf7-form-control-wrap\" data-name=\"options\"><span class=\"wpcf7-form-control wpcf7-checkbox wpcf7-validates-as-required wpcf7-exclusive-checkbox\"><span class=\"wpcf7-list-item first\"><label><input type=\"checkbox\" name=\"options\" value=\"BON POUR ACCORD*\" \/><span class=\"wpcf7-list-item-label\">FOR APPROVAL*.<\/span><\/label><\/span><span class=\"wpcf7-list-item\"><label><input type=\"checkbox\" name=\"options\" value=\"MODIFIER LA DEMANDE\" \/><span class=\"wpcf7-list-item-label\">MODIFY THE REQUEST<\/span><\/label><\/span><span class=\"wpcf7-list-item\"><label><input type=\"checkbox\" name=\"options\" value=\"METTRE UNE OPTION (quelques jours)\" \/><span class=\"wpcf7-list-item-label\">SET AN OPTION (a few days)<\/span><\/label><\/span><span class=\"wpcf7-list-item last\"><label><input type=\"checkbox\" name=\"options\" value=\"D\u00c9CLINER L&#039;OFFRE\" \/><span class=\"wpcf7-list-item-label\">DECLINE THE&#039;OFFER<\/span><\/label><\/span><\/span><\/span>\n<\/p>\n<div data-id=\"pj\" data-orig_data_id=\"pj\"  class=\"\" data-class=\"wpcf7cf_group\">\n<p>*Please attach a quotation if possible. <b><\/b> signed (photo or scan) : <span class=\"wpcf7-form-control-wrap\" data-name=\"fichier\"><input size=\"40\" class=\"wpcf7-form-control wpcf7-file\" accept=\".pdf,.png,.bmp,.jpg,.jpeg\" aria-invalid=\"false\" type=\"file\" name=\"fichier\" \/><\/span>\n\t<\/p>\n<\/div>\n<p>additional information:<br \/>\n<span class=\"wpcf7-form-control-wrap\" data-name=\"message\"><textarea cols=\"40\" rows=\"4\" maxlength=\"2000\" class=\"wpcf7-form-control wpcf7-textarea\" aria-invalid=\"false\" name=\"message\"><\/textarea><\/span>\n<\/p>\n<div data-id=\"paiement\" data-orig_data_id=\"paiement\"  class=\"\" data-class=\"wpcf7cf_group\">\n<p><span class=\"wpcf7-form-control-wrap\" data-name=\"paiement\"><span class=\"wpcf7-form-control wpcf7-checkbox wpcf7-exclusive-checkbox\"><span class=\"wpcf7-list-item first\"><label><input type=\"checkbox\" name=\"paiement\" value=\"Paiement CB en ligne\" \/><span class=\"wpcf7-list-item-label\">Online CB payment<\/span><\/label><\/span><span class=\"wpcf7-list-item\"><label><input type=\"checkbox\" name=\"paiement\" value=\"Paiement par VIREMENT\" \/><span class=\"wpcf7-list-item-label\">Payment by TRANSFER<\/span><\/label><\/span><span class=\"wpcf7-list-item last\"><label><input type=\"checkbox\" name=\"paiement\" value=\"Autre type de paiement\" \/><span class=\"wpcf7-list-item-label\">Other type of payment<\/span><\/label><\/span><\/span><\/span>\n\t<\/p>\n<\/div>\n<p><input class=\"wpcf7-form-control wpcf7-hidden\" value=\"\" type=\"hidden\" name=\"devis\" \/><br \/>\n<input class=\"wpcf7-form-control wpcf7-hidden\" value=\"\" type=\"hidden\" name=\"contact\" \/><\/p>\n<p><input class=\"wpcf7-form-control wpcf7-submit has-spinner\" type=\"submit\" value=\"SEND\" \/><br \/>\nIf you have any problems with this form, please send your feedback to <a href=\"mailto:geneve@escapelab.ch\">geneve@escapelab.ch<\/a><a><\/a>\n<\/p>\n<div class=\"wpcf7-response-output\" aria-hidden=\"true\"><\/div>\n<input type=\"hidden\" name=\"trp-form-language\" value=\"en\"\/><\/form>\n<\/div>\n<\/div>\n\t\t<\/div><\/div><\/div><\/div><\/div>","protected":false},"excerpt":{"rendered":"<p>T\u00e9l\u00e9charger la plaquette Merci d&rsquo;utiliser ce formulaire pour valider le devis, demander des modifications ou d\u00e9cliner l&rsquo;offre. Nous serions ravis de vous recevoir \u00e0 Escape LAB Gen\u00e8ve et esp\u00e9rons que votre devis vous convient. Merci de nous faire un retour le plus rapidement possible. Si la date de votre \u00e9v\u00e9nement est dans 10 jours ou [&hellip;]<\/p>","protected":false},"author":4,"featured_media":0,"parent":0,"menu_order":0,"comment_status":"closed","ping_status":"closed","template":"templates\/template-full-notitle.php","meta":{"_acf_changed":false,"om_disable_all_campaigns":false,"_monsterinsights_skip_tracking":false,"_monsterinsights_sitenote_active":false,"_monsterinsights_sitenote_note":"","_monsterinsights_sitenote_category":0,"_uf_show_specific_survey":0,"_uf_disable_surveys":false,"footnotes":""},"class_list":["post-3859","page","type-page","status-publish","hentry","post"],"acf":[],"aioseo_notices":[],"_links":{"self":[{"href":"https:\/\/escapelab.ch\/en\/wp-json\/wp\/v2\/pages\/3859","targetHints":{"allow":["GET"]}}],"collection":[{"href":"https:\/\/escapelab.ch\/en\/wp-json\/wp\/v2\/pages"}],"about":[{"href":"https:\/\/escapelab.ch\/en\/wp-json\/wp\/v2\/types\/page"}],"author":[{"embeddable":true,"href":"https:\/\/escapelab.ch\/en\/wp-json\/wp\/v2\/users\/4"}],"replies":[{"embeddable":true,"href":"https:\/\/escapelab.ch\/en\/wp-json\/wp\/v2\/comments?post=3859"}],"version-history":[{"count":1,"href":"https:\/\/escapelab.ch\/en\/wp-json\/wp\/v2\/pages\/3859\/revisions"}],"predecessor-version":[{"id":3861,"href":"https:\/\/escapelab.ch\/en\/wp-json\/wp\/v2\/pages\/3859\/revisions\/3861"}],"wp:attachment":[{"href":"https:\/\/escapelab.ch\/en\/wp-json\/wp\/v2\/media?parent=3859"}],"curies":[{"name":"wp","href":"https:\/\/api.w.org\/{rel}","templated":true}]}}